{"id":380,"date":"2022-10-13T15:02:58","date_gmt":"2022-10-13T15:02:58","guid":{"rendered":"https:\/\/gt-italia.carecom.cloud\/prodotti\/"},"modified":"2023-02-22T11:34:06","modified_gmt":"2023-02-22T11:34:06","slug":"produits","status":"publish","type":"page","link":"https:\/\/www.gt-italia.it\/fr\/produits\/","title":{"rendered":"Produits"},"content":{"rendered":"<div class=\"big-g-cont\">\r\n  <div class=\"big-g\"><\/div>\r\n  <div class=\"logo-hp\"><a href=\"https:\/\/www.gt-italia.it\/fr\/\"><img decoding=\"async\" src=\"\/wp-content\/uploads\/gt-italia-logo.svg\" alt=\"GT-Italia page logo\"\/><\/a><\/div>\r\n  <div class=\"menu-hp\"><div class=\"menu-menu-principale-francese-container\"><ul id=\"menu-menu-principale-francese\" class=\"menu\"><li id=\"menu-item-448\" class=\"menu-item menu-item-type-post_type menu-item-object-page menu-item-448\"><a href=\"https:\/\/www.gt-italia.it\/fr\/entreprise\/\">Entreprise<\/a><\/li>\n<li id=\"menu-item-449\" class=\"menu-item menu-item-type-post_type menu-item-object-page menu-item-449\"><a href=\"https:\/\/www.gt-italia.it\/fr\/produits\/\">Produits<\/a><\/li>\n<li id=\"menu-item-450\" class=\"menu-item menu-item-type-post_type menu-item-object-page menu-item-450\"><a href=\"https:\/\/www.gt-italia.it\/fr\/just-in-time\/\">Just in time<\/a><\/li>\n<li id=\"menu-item-451\" class=\"menu-item menu-item-type-post_type menu-item-object-page menu-item-451\"><a href=\"https:\/\/www.gt-italia.it\/fr\/recherche-et-developpement\/\">Recherche et d\u00e9veloppement<\/a><\/li>\n<li id=\"menu-item-452\" class=\"menu-item menu-item-type-post_type menu-item-object-page menu-item-452\"><a href=\"https:\/\/www.gt-italia.it\/fr\/qualite\/\">Qualit\u00e9<\/a><\/li>\n<li id=\"menu-item-453\" class=\"menu-item menu-item-type-post_type menu-item-object-page menu-item-453\"><a href=\"https:\/\/www.gt-italia.it\/fr\/durabilite\/\">Durabilit\u00e9<\/a><\/li>\n<li id=\"menu-item-471\" class=\"menu-item menu-item-type-taxonomy menu-item-object-category menu-item-471\"><a href=\"https:\/\/www.gt-italia.it\/fr\/news\/\">News<\/a><\/li>\n<li id=\"menu-item-454\" class=\"close-m smooth menu-item menu-item-type-custom menu-item-object-custom menu-item-454\"><a href=\"#news\">Contacts<\/a><\/li>\n<li id=\"menu-item-wpml-ls-9-fr\" class=\"menu-item wpml-ls-slot-9 wpml-ls-item wpml-ls-item-fr wpml-ls-current-language wpml-ls-menu-item wpml-ls-first-item menu-item-type-wpml_ls_menu_item menu-item-object-wpml_ls_menu_item menu-item-wpml-ls-9-fr\"><a href=\"https:\/\/www.gt-italia.it\/fr\/\"><img decoding=\"async\"\n            class=\"wpml-ls-flag\"\n            src=\"https:\/\/www.gt-italia.it\/wp-content\/plugins\/sitepress-multilingual-cms\/res\/flags\/fr.png\"\n            alt=\"Fran\u00e7ais\"\n            \n            \n    \/><\/a><\/li>\n<li id=\"menu-item-wpml-ls-9-it\" class=\"menu-item wpml-ls-slot-9 wpml-ls-item wpml-ls-item-it wpml-ls-menu-item menu-item-type-wpml_ls_menu_item menu-item-object-wpml_ls_menu_item menu-item-wpml-ls-9-it\"><a href=\"https:\/\/www.gt-italia.it\"><img decoding=\"async\"\n            class=\"wpml-ls-flag\"\n            src=\"https:\/\/www.gt-italia.it\/wp-content\/plugins\/sitepress-multilingual-cms\/res\/flags\/it.png\"\n            alt=\"Italien\"\n            \n            \n    \/><\/a><\/li>\n<li id=\"menu-item-wpml-ls-9-en\" class=\"menu-item wpml-ls-slot-9 wpml-ls-item wpml-ls-item-en wpml-ls-menu-item wpml-ls-last-item menu-item-type-wpml_ls_menu_item menu-item-object-wpml_ls_menu_item menu-item-wpml-ls-9-en\"><a href=\"https:\/\/www.gt-italia.it\/en\/\"><img decoding=\"async\"\n            class=\"wpml-ls-flag\"\n            src=\"https:\/\/www.gt-italia.it\/wp-content\/plugins\/sitepress-multilingual-cms\/res\/flags\/en.png\"\n            alt=\"Anglais\"\n            \n            \n    \/><\/a><\/li>\n<\/ul><\/div><\/div>\r\n  <div class=\"testo-intro-hp\">\r\n    <h1>\r\n      <span class=\"enfasi-1\">\r\n        Une <strong>production<\/strong>\r\n      <\/span>\r\n      <span class=\"enfasi-2\">\r\n        flexible et en phase avec les demandes du march\u00e9\r\n      <\/span>\r\n    <\/h1>\r\n\r\n    <div class=\"btn--group\">\r\n      <a href=\"#row--ante\" class=\"gt-btn btn-header\">Portes avec rev\u00eatement 3D appliqu\u00e9 sous pression<\/a>\r\n      <a href=\"#row--pannelli\" class=\"gt-btn btn-header\">Portes et panneaux r\u00e9alis\u00e9s par \u00e9querrage avec bande de chant ou avec rev\u00eatement 2D appliqu\u00e9 par flat lamination<\/a>\r\n      <a href=\"#row--accessori\" class=\"gt-btn btn-header\">Accessoires<\/a>\r\n    <\/div>\r\n    <span class=\"arrow-down\"><img loading=\"lazy\" decoding=\"async\" src=\"\/wp-content\/uploads\/arrow-down-white.svg\" alt=\"\" width=\"300\" height=\"300\" class=\"alignnone size-medium wp-image-80\" \/><\/span>\r\n    \r\n  <\/div>\r\n  <div class=\"bg-testo-intro-hp\">\r\n\r\n  <\/div>\r\n  <div class=\"sfondo-hp sfondo-prodotti\"><\/div>\r\n<\/div>\r\n\r\n<section class=\"section-hp section-sostenibilita\">\r\n  <span class=\"red-dot\">\r\n    <span class=\"red-dot-txt\">PRODUITS<\/span>\r\n  <\/span>\r\n  <div class=\"rows\">\r\n    <div class=\"row--product row--1\" id=\"row--ante\">\r\n      <h2><span class=\"enfasi\"><strong><br>Portes avec rev\u00eatement 3D appliqu\u00e9 sous pression<\/strong><\/span>\r\n      <\/h2>\r\n      <div class=\"intro-sostenibilita\">\r\n        <p>Nous fournissons des portes r\u00e9alis\u00e9es par l\u2019application \u00e0 pression sur support en MDF d\u2019une feuille de rev\u00eatement 3D en PET ou PVC. Ce processus permet d\u2019obtenir diff\u00e9rentes solutions de pr\u00e9hension int\u00e9gr\u00e9e. La finition peut \u00eatre mate ou brillante, les couleurs unies ou d\u00e9coratives en bois r\u00e9aliste au regard et au toucher. La disponibilit\u00e9 est presque infinie: plus de 100 variantes du catalogue, il est possible d\u2019en r\u00e9aliser d\u2019autres.<\/p>\r\n      <\/div>\r\n      <div class=\"gallery gallery-1-4 gallery-ante\"><img decoding=\"async\" src=\"https:\/\/www.gt-italia.it\/wp-content\/uploads\/gt_italia-prodotti-ante-06.jpg\" alt=\"Portes avec rev\u00eatement 3D appliqu\u00e9 sous pression - GT Italia\"  \" data-gallery=\"0\"\/><img decoding=\"async\" src=\"https:\/\/www.gt-italia.it\/wp-content\/uploads\/gt_italia-prodotti-ante-11.jpg\" alt=\"Portes avec rev\u00eatement 3D appliqu\u00e9 sous pression - GT Italia\"  \" data-gallery=\"1\"\/><img decoding=\"async\" src=\"https:\/\/www.gt-italia.it\/wp-content\/uploads\/gt_italia-prodotti-ante-15.jpg\" alt=\"Portes avec rev\u00eatement 3D appliqu\u00e9 sous pression - GT Italia\"  \" data-gallery=\"2\"\/><img decoding=\"async\" src=\"https:\/\/www.gt-italia.it\/wp-content\/uploads\/19.jpg\" alt=\"\"  \" data-gallery=\"3\"\/><script>let imagesList3 = [];imagesList3.push({src: \"https:\/\/www.gt-italia.it\/wp-content\/uploads\/gt_italia-prodotti-ante-06.jpg\", subHtml: \"Portes avec rev\u00eatement 3D appliqu\u00e9 sous pression - GT Italia\"});imagesList3.push({src: \"https:\/\/www.gt-italia.it\/wp-content\/uploads\/gt_italia-prodotti-ante-11.jpg\", subHtml: \"Portes avec rev\u00eatement 3D appliqu\u00e9 sous pression - GT Italia\"});imagesList3.push({src: \"https:\/\/www.gt-italia.it\/wp-content\/uploads\/gt_italia-prodotti-ante-15.jpg\", subHtml: \"Portes avec rev\u00eatement 3D appliqu\u00e9 sous pression - GT Italia\"});imagesList3.push({src: \"https:\/\/www.gt-italia.it\/wp-content\/uploads\/19.jpg\", subHtml: \"\"});imagesList3.push({src: \"https:\/\/www.gt-italia.it\/wp-content\/uploads\/20.jpg\", subHtml: \"\"});imagesList3.push({src: \"https:\/\/www.gt-italia.it\/wp-content\/uploads\/gt_italia-prodotti-ante-14.jpg\", subHtml: \"Portes avec rev\u00eatement 3D appliqu\u00e9 sous pression - GT Italia\"});imagesList3.push({src: \"https:\/\/www.gt-italia.it\/wp-content\/uploads\/gt_italia-prodotti-ante-12.jpg\", subHtml: \"Portes avec rev\u00eatement 3D appliqu\u00e9 sous pression - GT Italia\"});imagesList3.push({src: \"https:\/\/www.gt-italia.it\/wp-content\/uploads\/gt_italia-prodotti-ante-10.jpg\", subHtml: \"Portes avec rev\u00eatement 3D appliqu\u00e9 sous pression - GT Italia\"});imagesList3.push({src: \"https:\/\/www.gt-italia.it\/wp-content\/uploads\/gt_italia-prodotti-ante-09.jpg\", subHtml: \"Portes avec rev\u00eatement 3D appliqu\u00e9 sous pression - GT Italia\"});imagesList3.push({src: \"https:\/\/www.gt-italia.it\/wp-content\/uploads\/gt_italia-prodotti-ante-08.jpg\", subHtml: \"Portes avec rev\u00eatement 3D appliqu\u00e9 sous pression - GT Italia\"});imagesList3.push({src: \"https:\/\/www.gt-italia.it\/wp-content\/uploads\/gt_italia-prodotti-ante-07.jpg\", subHtml: \"Portes avec rev\u00eatement 3D appliqu\u00e9 sous pression - GT Italia\"});imagesList3.push({src: \"https:\/\/www.gt-italia.it\/wp-content\/uploads\/gt_italia-prodotti-ante-05.jpg\", subHtml: \"Portes avec rev\u00eatement 3D appliqu\u00e9 sous pression - GT Italia\"});imagesList3.push({src: \"https:\/\/www.gt-italia.it\/wp-content\/uploads\/gt_italia-prodotti-ante-04.jpg\", subHtml: \"Portes avec rev\u00eatement 3D appliqu\u00e9 sous pression - GT Italia\"});imagesList3.push({src: \"https:\/\/www.gt-italia.it\/wp-content\/uploads\/gt_italia-prodotti-ante-03.jpg\", subHtml: \"Portes avec rev\u00eatement 3D appliqu\u00e9 sous pression - GT Italia\"});imagesList3.push({src: \"https:\/\/www.gt-italia.it\/wp-content\/uploads\/gt_italia-prodotti-ante-01.jpg\", subHtml: \"Portes avec rev\u00eatement 3D appliqu\u00e9 sous pression - GT Italia\"});imagesList3.push({src: \"https:\/\/www.gt-italia.it\/wp-content\/uploads\/gt_italia-prodotti-ante-02.jpg\", subHtml: \"Portes avec rev\u00eatement 3D appliqu\u00e9 sous pression - GT Italia\"});<\/script><\/div>\r\n      <a href=\"#\" class=\"gt-btn black\">Voir la galerie compl\u00e8te<\/a>\r\n    <\/div>\r\n    <div class=\"row--product row--2\" id=\"row--pannelli\">\r\n      <h2><span class=\"enfasi\"><strong><br>Portes et panneaux r\u00e9alis\u00e9s par \u00e9querrage avec bande de chantou avec rev\u00eatement 2D appliqu\u00e9 par flat lamination<\/strong><\/span>\r\n      <\/h2>\r\n      <div class=\"intro-sostenibilita\">\r\n        <p>Nous fournissons des portes et des panneaux en m\u00e9lamine fabriqu\u00e9s \u00e0 la fois selon le processus de formage par \u00e9quarrissage et application de bande de chants, et par laminage \u00e0 plat, qui consiste en l\u2019application de rev\u00eatements 2D. Les rev\u00eatements sont en PET d\u00e9coratif brillant ou mat, en mat\u00e9riaux recycl\u00e9s\/recyclables ou imprim\u00e9s effet bois.<\/p>\r\n      <\/div>\r\n      <div class=\"gallery gallery-1-4 gallery-pannelli\"><img decoding=\"async\" src=\"https:\/\/www.gt-italia.it\/wp-content\/uploads\/17-1.jpg\" alt=\"\"  \" data-gallery=\"0\"\/><img decoding=\"async\" src=\"https:\/\/www.gt-italia.it\/wp-content\/uploads\/gt_italia-prodotti-pannelli-01.jpg\" alt=\"Portes et panneaux r\u00e9alis\u00e9s par \u00e9querrage avec bande de chantou avec rev\u00eatement 2D appliqu\u00e9 par flat lamination - GT Italia\"  \" data-gallery=\"1\"\/><img decoding=\"async\" src=\"https:\/\/www.gt-italia.it\/wp-content\/uploads\/gt_italia-prodotti-pannelli-02.jpg\" alt=\"Portes et panneaux r\u00e9alis\u00e9s par \u00e9querrage avec bande de chantou avec rev\u00eatement 2D appliqu\u00e9 par flat lamination - GT Italia\"  \" data-gallery=\"2\"\/><img decoding=\"async\" src=\"https:\/\/www.gt-italia.it\/wp-content\/uploads\/gt_italia-prodotti-pannelli-05.jpg.png\" alt=\"\"  \" data-gallery=\"3\"\/><script>let imagesList1 = [];imagesList1.push({src: \"https:\/\/www.gt-italia.it\/wp-content\/uploads\/17-1.jpg\", subHtml: \"\"});imagesList1.push({src: \"https:\/\/www.gt-italia.it\/wp-content\/uploads\/gt_italia-prodotti-pannelli-01.jpg\", subHtml: \"Portes et panneaux r\u00e9alis\u00e9s par \u00e9querrage avec bande de chantou avec rev\u00eatement 2D appliqu\u00e9 par flat lamination - GT Italia\"});imagesList1.push({src: \"https:\/\/www.gt-italia.it\/wp-content\/uploads\/gt_italia-prodotti-pannelli-02.jpg\", subHtml: \"Portes et panneaux r\u00e9alis\u00e9s par \u00e9querrage avec bande de chantou avec rev\u00eatement 2D appliqu\u00e9 par flat lamination - GT Italia\"});imagesList1.push({src: \"https:\/\/www.gt-italia.it\/wp-content\/uploads\/gt_italia-prodotti-pannelli-05.jpg.png\", subHtml: \"\"});<\/script><\/div>\r\n      <a href=\"#\" class=\"gt-btn black\">Voir la galerie compl\u00e8te<\/a>\r\n    <\/div>\r\n    <div class=\"row--product row--3\" id=\"row--accessori\">\r\n      <h2><span class=\"enfasi\"><strong><br>Accessoires<\/strong><\/span>\r\n      <\/h2>\r\n      <div class=\"intro-sostenibilita\">\r\n        <p>Toutes nos portes peuvent \u00eatre fournies avec des poign\u00e9es en aluminium, de diff\u00e9rents types, \u00e0 la fois appliqu\u00e9es et int\u00e9gr\u00e9es, con\u00e7ues par nos concepteurs sur la base des besoins fonctionnels requis et du style souhait\u00e9.<\/p>\r\n      <\/div>\r\n      \r\n      <div class=\"gallery gallery-1-4 gallery-accessori\"><img decoding=\"async\" src=\"https:\/\/www.gt-italia.it\/wp-content\/uploads\/gt-italia-base-bagno-2.png\" alt=\"\"  \" data-gallery=\"0\"\/><img decoding=\"async\" src=\"https:\/\/www.gt-italia.it\/wp-content\/uploads\/gt-italia-base-cucina-02-2.png\" alt=\"\"  \" data-gallery=\"1\"\/><img decoding=\"async\" src=\"https:\/\/www.gt-italia.it\/wp-content\/uploads\/gt-italia-pensile-cucina-02-2.png\" alt=\"\"  \" data-gallery=\"2\"\/><img decoding=\"async\" src=\"https:\/\/www.gt-italia.it\/wp-content\/uploads\/gt-italia-base-cucina-03-2.png\" alt=\"\"  \" data-gallery=\"3\"\/><script>let imagesList2 = [];imagesList2.push({src: \"https:\/\/www.gt-italia.it\/wp-content\/uploads\/gt-italia-base-bagno-2.png\", subHtml: \"\"});imagesList2.push({src: \"https:\/\/www.gt-italia.it\/wp-content\/uploads\/gt-italia-base-cucina-02-2.png\", subHtml: \"\"});imagesList2.push({src: \"https:\/\/www.gt-italia.it\/wp-content\/uploads\/gt-italia-pensile-cucina-02-2.png\", subHtml: \"\"});imagesList2.push({src: \"https:\/\/www.gt-italia.it\/wp-content\/uploads\/gt-italia-base-cucina-03-2.png\", subHtml: \"\"});imagesList2.push({src: \"https:\/\/www.gt-italia.it\/wp-content\/uploads\/gt-italia-pensile-cucina-01-2.png\", subHtml: \"\"});imagesList2.push({src: \"https:\/\/www.gt-italia.it\/wp-content\/uploads\/gt-italia-base-cucina-2.png\", subHtml: \"\"});imagesList2.push({src: \"https:\/\/www.gt-italia.it\/wp-content\/uploads\/gt-italia-angolare-2.png\", subHtml: \"\"});<\/script><\/div>\r\n      <a href=\"#\" class=\"gt-btn black\">Voir la galerie compl\u00e8te<\/a>\r\n      \r\n    <\/div>\r\n  <\/div>\r\n<\/section>\r\n<script>\r\n  \/\/ init Gallery 1-2\r\n  let $productGallery1 = jQuery(\".gallery-pannelli img\");\r\n  let productGallery1 = lightGallery($productGallery1, {dynamic: true,\r\n    dynamicEl: imagesList1\r\n  });\r\n  $productGallery1.on(\"click\", function(e) {\r\n    productGallery1.openGallery(Number.parseInt(jQuery(this).attr(\"data-gallery\")));\r\n  });\r\n  jQuery(\".row--2 .gt-btn\").on(\"click\", function(e) {\r\n    e.preventDefault();\r\n    productGallery1.openGallery(0);\r\n  });\r\n\r\n  \/\/ init Gallery 1-3\r\n  \r\n  let $productGallery2 = jQuery(\".gallery-accessori img\");\r\n  let productGallery2 = lightGallery($productGallery2, {dynamic: true,\r\n    dynamicEl: imagesList2\r\n  });\r\n  $productGallery2.on(\"click\", function(e) {\r\n    productGallery2.openGallery(Number.parseInt(jQuery(this).attr(\"data-gallery\")));\r\n  });\r\n  jQuery(\".row--3 .gt-btn\").on(\"click\", function(e) {\r\n    e.preventDefault();\r\n    productGallery2.openGallery(0);\r\n  });\r\n  \r\n\r\n  \/\/ init Gallery 1-4\r\n  let $productGallery3 = jQuery(\".gallery-ante img\");\r\n  let productGallery3 = lightGallery($productGallery3, {dynamic: true,\r\n    dynamicEl: imagesList3\r\n  });\r\n  $productGallery3.on(\"click\", function(e) {\r\n    productGallery3.openGallery(Number.parseInt(jQuery(this).attr(\"data-gallery\")));\r\n  });\r\n  jQuery(\".row--1 .gt-btn\").on(\"click\", function(e) {\r\n    e.preventDefault();\r\n    productGallery3.openGallery(0);\r\n  });\r\n<\/script>\r\n","protected":false},"excerpt":{"rendered":"<p>Une production flexible et en phase avec les demandes du march\u00e9 Portes avec rev\u00eatement 3D appliqu\u00e9 sous pression Portes et panneaux r\u00e9alis\u00e9s par \u00e9querrage avec bande de chant ou avec rev\u00eatement 2D appliqu\u00e9 par flat lamination Accessoires PRODUITS Portes avec rev\u00eatement 3D appliqu\u00e9 sous pression Nous fournissons des portes r\u00e9alis\u00e9es par l\u2019application \u00e0 pression sur [&hellip;]<\/p>\n","protected":false},"author":1,"featured_media":0,"parent":0,"menu_order":0,"comment_status":"closed","ping_status":"closed","template":"","meta":{"_acf_changed":false,"inline_featured_image":false,"footnotes":""},"class_list":["post-380","page","type-page","status-publish","hentry"],"acf":[],"yoast_head":"<!-- This site is optimized with the Yoast SEO plugin v27.1.1 - https:\/\/yoast.com\/product\/yoast-seo-wordpress\/ -->\n<title>Produits - GT-Italia<\/title>\n<meta name=\"description\" content=\"Une production flexible et en phase avec les demandes du march\u00e9 Portes avec rev\u00eatement 3D appliqu\u00e9 sous pression Portes et panneaux r\u00e9alis\u00e9s par \u00e9querrage\" \/>\n<meta name=\"robots\" content=\"index, follow, max-snippet:-1, max-image-preview:large, max-video-preview:-1\" \/>\n<link rel=\"canonical\" href=\"https:\/\/www.gt-italia.it\/fr\/produits\/\" \/>\n<meta property=\"og:locale\" content=\"fr_FR\" \/>\n<meta property=\"og:type\" content=\"article\" \/>\n<meta property=\"og:title\" content=\"Produits - GT-Italia\" \/>\n<meta property=\"og:description\" content=\"Une production flexible et en phase avec les demandes du march\u00e9 Portes avec rev\u00eatement 3D appliqu\u00e9 sous pression Portes et panneaux r\u00e9alis\u00e9s par \u00e9querrage\" \/>\n<meta property=\"og:url\" content=\"https:\/\/www.gt-italia.it\/fr\/produits\/\" \/>\n<meta property=\"og:site_name\" content=\"GT-Italia\" \/>\n<meta property=\"article:modified_time\" content=\"2023-02-22T11:34:06+00:00\" \/>\n<meta name=\"twitter:card\" content=\"summary_large_image\" \/>\n<meta name=\"twitter:label1\" content=\"Dur\u00e9e de lecture estim\u00e9e\" \/>\n\t<meta name=\"twitter:data1\" content=\"2 minutes\" \/>\n<script type=\"application\/ld+json\" class=\"yoast-schema-graph\">{\"@context\":\"https:\/\/schema.org\",\"@graph\":[{\"@type\":\"WebPage\",\"@id\":\"https:\/\/www.gt-italia.it\/fr\/produits\/\",\"url\":\"https:\/\/www.gt-italia.it\/fr\/produits\/\",\"name\":\"Produits - GT-Italia\",\"isPartOf\":{\"@id\":\"https:\/\/www.gt-italia.it\/fr\/#website\"},\"datePublished\":\"2022-10-13T15:02:58+00:00\",\"dateModified\":\"2023-02-22T11:34:06+00:00\",\"description\":\"Une production flexible et en phase avec les demandes du march\u00e9 Portes avec rev\u00eatement 3D appliqu\u00e9 sous pression Portes et panneaux r\u00e9alis\u00e9s par \u00e9querrage\",\"breadcrumb\":{\"@id\":\"https:\/\/www.gt-italia.it\/fr\/produits\/#breadcrumb\"},\"inLanguage\":\"fr-FR\",\"potentialAction\":[{\"@type\":\"ReadAction\",\"target\":[\"https:\/\/www.gt-italia.it\/fr\/produits\/\"]}]},{\"@type\":\"BreadcrumbList\",\"@id\":\"https:\/\/www.gt-italia.it\/fr\/produits\/#breadcrumb\",\"itemListElement\":[{\"@type\":\"ListItem\",\"position\":1,\"name\":\"Home\",\"item\":\"https:\/\/www.gt-italia.it\/fr\/\"},{\"@type\":\"ListItem\",\"position\":2,\"name\":\"Produits\"}]},{\"@type\":\"WebSite\",\"@id\":\"https:\/\/www.gt-italia.it\/fr\/#website\",\"url\":\"https:\/\/www.gt-italia.it\/fr\/\",\"name\":\"GT-Italia\",\"description\":\"\",\"publisher\":{\"@id\":\"https:\/\/www.gt-italia.it\/fr\/#organization\"},\"potentialAction\":[{\"@type\":\"SearchAction\",\"target\":{\"@type\":\"EntryPoint\",\"urlTemplate\":\"https:\/\/www.gt-italia.it\/fr\/?s={search_term_string}\"},\"query-input\":{\"@type\":\"PropertyValueSpecification\",\"valueRequired\":true,\"valueName\":\"search_term_string\"}}],\"inLanguage\":\"fr-FR\"},{\"@type\":\"Organization\",\"@id\":\"https:\/\/www.gt-italia.it\/fr\/#organization\",\"name\":\"GT-Italia\",\"url\":\"https:\/\/www.gt-italia.it\/fr\/\",\"logo\":{\"@type\":\"ImageObject\",\"inLanguage\":\"fr-FR\",\"@id\":\"https:\/\/www.gt-italia.it\/fr\/#\/schema\/logo\/image\/\",\"url\":\"https:\/\/www.gt-italia.it\/wp-content\/uploads\/gt-italia-logo.svg\",\"contentUrl\":\"https:\/\/www.gt-italia.it\/wp-content\/uploads\/gt-italia-logo.svg\",\"width\":11,\"height\":7,\"caption\":\"GT-Italia\"},\"image\":{\"@id\":\"https:\/\/www.gt-italia.it\/fr\/#\/schema\/logo\/image\/\"}}]}<\/script>\n<!-- \/ Yoast SEO plugin. -->","yoast_head_json":{"title":"Produits - GT-Italia","description":"Une production flexible et en phase avec les demandes du march\u00e9 Portes avec rev\u00eatement 3D appliqu\u00e9 sous pression Portes et panneaux r\u00e9alis\u00e9s par \u00e9querrage","robots":{"index":"index","follow":"follow","max-snippet":"max-snippet:-1","max-image-preview":"max-image-preview:large","max-video-preview":"max-video-preview:-1"},"canonical":"https:\/\/www.gt-italia.it\/fr\/produits\/","og_locale":"fr_FR","og_type":"article","og_title":"Produits - GT-Italia","og_description":"Une production flexible et en phase avec les demandes du march\u00e9 Portes avec rev\u00eatement 3D appliqu\u00e9 sous pression Portes et panneaux r\u00e9alis\u00e9s par \u00e9querrage","og_url":"https:\/\/www.gt-italia.it\/fr\/produits\/","og_site_name":"GT-Italia","article_modified_time":"2023-02-22T11:34:06+00:00","twitter_card":"summary_large_image","twitter_misc":{"Dur\u00e9e de lecture estim\u00e9e":"2 minutes"},"schema":{"@context":"https:\/\/schema.org","@graph":[{"@type":"WebPage","@id":"https:\/\/www.gt-italia.it\/fr\/produits\/","url":"https:\/\/www.gt-italia.it\/fr\/produits\/","name":"Produits - GT-Italia","isPartOf":{"@id":"https:\/\/www.gt-italia.it\/fr\/#website"},"datePublished":"2022-10-13T15:02:58+00:00","dateModified":"2023-02-22T11:34:06+00:00","description":"Une production flexible et en phase avec les demandes du march\u00e9 Portes avec rev\u00eatement 3D appliqu\u00e9 sous pression Portes et panneaux r\u00e9alis\u00e9s par \u00e9querrage","breadcrumb":{"@id":"https:\/\/www.gt-italia.it\/fr\/produits\/#breadcrumb"},"inLanguage":"fr-FR","potentialAction":[{"@type":"ReadAction","target":["https:\/\/www.gt-italia.it\/fr\/produits\/"]}]},{"@type":"BreadcrumbList","@id":"https:\/\/www.gt-italia.it\/fr\/produits\/#breadcrumb","itemListElement":[{"@type":"ListItem","position":1,"name":"Home","item":"https:\/\/www.gt-italia.it\/fr\/"},{"@type":"ListItem","position":2,"name":"Produits"}]},{"@type":"WebSite","@id":"https:\/\/www.gt-italia.it\/fr\/#website","url":"https:\/\/www.gt-italia.it\/fr\/","name":"GT-Italia","description":"","publisher":{"@id":"https:\/\/www.gt-italia.it\/fr\/#organization"},"potentialAction":[{"@type":"SearchAction","target":{"@type":"EntryPoint","urlTemplate":"https:\/\/www.gt-italia.it\/fr\/?s={search_term_string}"},"query-input":{"@type":"PropertyValueSpecification","valueRequired":true,"valueName":"search_term_string"}}],"inLanguage":"fr-FR"},{"@type":"Organization","@id":"https:\/\/www.gt-italia.it\/fr\/#organization","name":"GT-Italia","url":"https:\/\/www.gt-italia.it\/fr\/","logo":{"@type":"ImageObject","inLanguage":"fr-FR","@id":"https:\/\/www.gt-italia.it\/fr\/#\/schema\/logo\/image\/","url":"https:\/\/www.gt-italia.it\/wp-content\/uploads\/gt-italia-logo.svg","contentUrl":"https:\/\/www.gt-italia.it\/wp-content\/uploads\/gt-italia-logo.svg","width":11,"height":7,"caption":"GT-Italia"},"image":{"@id":"https:\/\/www.gt-italia.it\/fr\/#\/schema\/logo\/image\/"}}]}},"_links":{"self":[{"href":"https:\/\/www.gt-italia.it\/fr\/wp-json\/wp\/v2\/pages\/380","targetHints":{"allow":["GET"]}}],"collection":[{"href":"https:\/\/www.gt-italia.it\/fr\/wp-json\/wp\/v2\/pages"}],"about":[{"href":"https:\/\/www.gt-italia.it\/fr\/wp-json\/wp\/v2\/types\/page"}],"author":[{"embeddable":true,"href":"https:\/\/www.gt-italia.it\/fr\/wp-json\/wp\/v2\/users\/1"}],"replies":[{"embeddable":true,"href":"https:\/\/www.gt-italia.it\/fr\/wp-json\/wp\/v2\/comments?post=380"}],"version-history":[{"count":6,"href":"https:\/\/www.gt-italia.it\/fr\/wp-json\/wp\/v2\/pages\/380\/revisions"}],"predecessor-version":[{"id":686,"href":"https:\/\/www.gt-italia.it\/fr\/wp-json\/wp\/v2\/pages\/380\/revisions\/686"}],"wp:attachment":[{"href":"https:\/\/www.gt-italia.it\/fr\/wp-json\/wp\/v2\/media?parent=380"}],"curies":[{"name":"wp","href":"https:\/\/api.w.org\/{rel}","templated":true}]}}